{"id":1251,"date":"2024-12-06T16:50:23","date_gmt":"2024-12-06T21:50:23","guid":{"rendered":"https:\/\/www.wahazel.com\/?page_id=1251"},"modified":"2026-02-03T13:39:44","modified_gmt":"2026-02-03T18:39:44","slug":"volunteer-work","status":"publish","type":"page","link":"https:\/\/www.wahazel.com\/spanish\/volunteer-work\/","title":{"rendered":"Voluntariado"},"content":{"rendered":"","protected":false},"excerpt":{"rendered":"","protected":false},"author":9,"featured_media":1408,"parent":0,"menu_order":0,"comment_status":"closed","ping_status":"closed","template":"template-volunteer-work.php","meta":{"footnotes":""},"class_list":["post-1251","page","type-page","status-publish","has-post-thumbnail","hentry"],"acf":[],"yoast_head":"<!-- This site is optimized with the Yoast SEO plugin v23.5 - https:\/\/yoast.com\/wordpress\/plugins\/seo\/ -->\n<title>Volunteering | William A Hazel | Construction Company In Virginia<\/title>\n<meta name=\"description\" content=\"Find out about our volunteer work here at William A. Hazel, the premier construction company in Northern Virginia and West Virginia, proud of the Legacy of Stewardship we have preserved through the years.\" \/>\n<meta name=\"robots\" content=\"index, follow, max-snippet:-1, max-image-preview:large, max-video-preview:-1\" \/>\n<link rel=\"canonical\" href=\"https:\/\/www.wahazel.com\/spanish\/volunteer-work\/\" \/>\n<meta property=\"og:locale\" content=\"es_MX\" \/>\n<meta property=\"og:type\" content=\"article\" \/>\n<meta property=\"og:title\" content=\"Volunteering | William A Hazel | Construction Company In Virginia\" \/>\n<meta property=\"og:description\" content=\"Find out about our volunteer work here at William A. Hazel, the premier construction company in Northern Virginia and West Virginia, proud of the Legacy of Stewardship we have preserved through the years.\" \/>\n<meta property=\"og:url\" content=\"https:\/\/www.wahazel.com\/spanish\/volunteer-work\/\" \/>\n<meta property=\"og:site_name\" content=\"William A. Hazel\" \/>\n<meta property=\"article:modified_time\" content=\"2026-02-03T18:39:44+00:00\" \/>\n<meta property=\"og:image\" content=\"https:\/\/www.wahazel.com\/app\/uploads\/2025\/07\/william-a-hazel-volunteer-work-page-cover.webp\" \/>\n\t<meta property=\"og:image:width\" content=\"2500\" \/>\n\t<meta property=\"og:image:height\" content=\"971\" \/>\n\t<meta property=\"og:image:type\" content=\"image\/webp\" \/>\n<meta name=\"twitter:card\" content=\"summary_large_image\" \/>\n<meta name=\"twitter:label1\" content=\"Est. reading time\" \/>\n\t<meta name=\"twitter:data1\" content=\"1 minute\" \/>\n<script type=\"application\/ld+json\" class=\"yoast-schema-graph\">{\"@context\":\"https:\/\/schema.org\",\"@graph\":[{\"@type\":\"WebPage\",\"@id\":\"https:\/\/www.wahazel.com\/volunteer-work\/\",\"url\":\"https:\/\/www.wahazel.com\/volunteer-work\/\",\"name\":\"Volunteering | William A Hazel | Construction Company In Virginia\",\"isPartOf\":{\"@id\":\"https:\/\/www.wahazel.com\/#website\"},\"primaryImageOfPage\":{\"@id\":\"https:\/\/www.wahazel.com\/volunteer-work\/#primaryimage\"},\"image\":{\"@id\":\"https:\/\/www.wahazel.com\/volunteer-work\/#primaryimage\"},\"thumbnailUrl\":\"https:\/\/www.wahazel.com\/app\/uploads\/2025\/07\/william-a-hazel-volunteer-work-page-cover.webp\",\"datePublished\":\"2024-12-06T21:50:23+00:00\",\"dateModified\":\"2026-02-03T18:39:44+00:00\",\"description\":\"Find out about our volunteer work here at William A. Hazel, the premier construction company in Northern Virginia and West Virginia, proud of the Legacy of Stewardship we have preserved through the years.\",\"breadcrumb\":{\"@id\":\"https:\/\/www.wahazel.com\/volunteer-work\/#breadcrumb\"},\"inLanguage\":\"es-MX\",\"potentialAction\":[{\"@type\":\"ReadAction\",\"target\":[\"https:\/\/www.wahazel.com\/volunteer-work\/\"]}]},{\"@type\":\"ImageObject\",\"inLanguage\":\"es-MX\",\"@id\":\"https:\/\/www.wahazel.com\/volunteer-work\/#primaryimage\",\"url\":\"https:\/\/www.wahazel.com\/app\/uploads\/2025\/07\/william-a-hazel-volunteer-work-page-cover.webp\",\"contentUrl\":\"https:\/\/www.wahazel.com\/app\/uploads\/2025\/07\/william-a-hazel-volunteer-work-page-cover.webp\",\"width\":2500,\"height\":971,\"caption\":\"William A Hazel Volunteer Work\"},{\"@type\":\"BreadcrumbList\",\"@id\":\"https:\/\/www.wahazel.com\/volunteer-work\/#breadcrumb\",\"itemListElement\":[{\"@type\":\"ListItem\",\"position\":1,\"name\":\"Home\",\"item\":\"https:\/\/www.wahazel.com\/\"},{\"@type\":\"ListItem\",\"position\":2,\"name\":\"Volunteer Work\"}]},{\"@type\":\"WebSite\",\"@id\":\"https:\/\/www.wahazel.com\/#website\",\"url\":\"https:\/\/www.wahazel.com\/\",\"name\":\"William A. Hazel\",\"description\":\"A Legacy of Quality est. 1964\",\"publisher\":{\"@id\":\"https:\/\/www.wahazel.com\/#organization\"},\"potentialAction\":[{\"@type\":\"SearchAction\",\"target\":{\"@type\":\"EntryPoint\",\"urlTemplate\":\"https:\/\/www.wahazel.com\/?s={search_term_string}\"},\"query-input\":{\"@type\":\"PropertyValueSpecification\",\"valueRequired\":true,\"valueName\":\"search_term_string\"}}],\"inLanguage\":\"es-MX\"},{\"@type\":\"Organization\",\"@id\":\"https:\/\/www.wahazel.com\/#organization\",\"name\":\"William A. Hazel\",\"url\":\"https:\/\/www.wahazel.com\/\",\"logo\":{\"@type\":\"ImageObject\",\"inLanguage\":\"es-MX\",\"@id\":\"https:\/\/www.wahazel.com\/#\/schema\/logo\/image\/\",\"url\":\"https:\/\/www.wahazel.com\/app\/uploads\/2025\/01\/william-a-hazel-logo.webp\",\"contentUrl\":\"https:\/\/www.wahazel.com\/app\/uploads\/2025\/01\/william-a-hazel-logo.webp\",\"width\":280,\"height\":86,\"caption\":\"William A. Hazel\"},\"image\":{\"@id\":\"https:\/\/www.wahazel.com\/#\/schema\/logo\/image\/\"}}]}<\/script>\n<!-- \/ Yoast SEO plugin. -->","yoast_head_json":{"title":"Voluntariado | William A Hazel | Empresa de Construcci\u00f3n en Virginia","description":"Descubra nuestro trabajo voluntario aqu\u00ed en William A. Hazel, la principal empresa de construcci\u00f3n del norte de Virginia y Virginia Occidental, orgullosa del legado de administraci\u00f3n que hemos preservado a lo largo de los a\u00f1os.","robots":{"index":"index","follow":"follow","max-snippet":"max-snippet:-1","max-image-preview":"max-image-preview:large","max-video-preview":"max-video-preview:-1"},"canonical":"https:\/\/www.wahazel.com\/spanish\/volunteer-work\/","og_locale":"es_MX","og_type":"article","og_title":"Volunteering | William A Hazel | Construction Company In Virginia","og_description":"Find out about our volunteer work here at William A. Hazel, the premier construction company in Northern Virginia and West Virginia, proud of the Legacy of Stewardship we have preserved through the years.","og_url":"https:\/\/www.wahazel.com\/spanish\/volunteer-work\/","og_site_name":"William A. Hazel","article_modified_time":"2026-02-03T18:39:44+00:00","og_image":[{"width":2500,"height":971,"url":"https:\/\/www.wahazel.com\/app\/uploads\/2025\/07\/william-a-hazel-volunteer-work-page-cover.webp","type":"image\/webp"}],"twitter_card":"summary_large_image","twitter_misc":{"Est. reading time":"1 minute"},"schema":{"@context":"https:\/\/schema.org","@graph":[{"@type":"WebPage","@id":"https:\/\/www.wahazel.com\/volunteer-work\/","url":"https:\/\/www.wahazel.com\/volunteer-work\/","name":"Voluntariado | William A Hazel | Empresa de Construcci\u00f3n en Virginia","isPartOf":{"@id":"https:\/\/www.wahazel.com\/#website"},"primaryImageOfPage":{"@id":"https:\/\/www.wahazel.com\/volunteer-work\/#primaryimage"},"image":{"@id":"https:\/\/www.wahazel.com\/volunteer-work\/#primaryimage"},"thumbnailUrl":"https:\/\/www.wahazel.com\/app\/uploads\/2025\/07\/william-a-hazel-volunteer-work-page-cover.webp","datePublished":"2024-12-06T21:50:23+00:00","dateModified":"2026-02-03T18:39:44+00:00","description":"Descubra nuestro trabajo voluntario aqu\u00ed en William A. Hazel, la principal empresa de construcci\u00f3n del norte de Virginia y Virginia Occidental, orgullosa del legado de administraci\u00f3n que hemos preservado a lo largo de los a\u00f1os.","breadcrumb":{"@id":"https:\/\/www.wahazel.com\/volunteer-work\/#breadcrumb"},"inLanguage":"es-MX","potentialAction":[{"@type":"ReadAction","target":["https:\/\/www.wahazel.com\/volunteer-work\/"]}]},{"@type":"ImageObject","inLanguage":"es-MX","@id":"https:\/\/www.wahazel.com\/volunteer-work\/#primaryimage","url":"https:\/\/www.wahazel.com\/app\/uploads\/2025\/07\/william-a-hazel-volunteer-work-page-cover.webp","contentUrl":"https:\/\/www.wahazel.com\/app\/uploads\/2025\/07\/william-a-hazel-volunteer-work-page-cover.webp","width":2500,"height":971,"caption":"William A Hazel Volunteer Work"},{"@type":"BreadcrumbList","@id":"https:\/\/www.wahazel.com\/volunteer-work\/#breadcrumb","itemListElement":[{"@type":"ListItem","position":1,"name":"Home","item":"https:\/\/www.wahazel.com\/"},{"@type":"ListItem","position":2,"name":"Volunteer Work"}]},{"@type":"WebSite","@id":"https:\/\/www.wahazel.com\/#website","url":"https:\/\/www.wahazel.com\/","name":"William A. Hazel","description":"Un legado de calidad est. 1964","publisher":{"@id":"https:\/\/www.wahazel.com\/#organization"},"potentialAction":[{"@type":"SearchAction","target":{"@type":"EntryPoint","urlTemplate":"https:\/\/www.wahazel.com\/?s={search_term_string}"},"query-input":{"@type":"PropertyValueSpecification","valueRequired":true,"valueName":"search_term_string"}}],"inLanguage":"es-MX"},{"@type":"Organization","@id":"https:\/\/www.wahazel.com\/#organization","name":"William A. Hazel","url":"https:\/\/www.wahazel.com\/","logo":{"@type":"ImageObject","inLanguage":"es-MX","@id":"https:\/\/www.wahazel.com\/#\/schema\/logo\/image\/","url":"https:\/\/www.wahazel.com\/app\/uploads\/2025\/01\/william-a-hazel-logo.webp","contentUrl":"https:\/\/www.wahazel.com\/app\/uploads\/2025\/01\/william-a-hazel-logo.webp","width":280,"height":86,"caption":"William A. Hazel"},"image":{"@id":"https:\/\/www.wahazel.com\/#\/schema\/logo\/image\/"}}]}},"_links":{"self":[{"href":"https:\/\/www.wahazel.com\/spanish\/wp-json\/wp\/v2\/pages\/1251"}],"collection":[{"href":"https:\/\/www.wahazel.com\/spanish\/wp-json\/wp\/v2\/pages"}],"about":[{"href":"https:\/\/www.wahazel.com\/spanish\/wp-json\/wp\/v2\/types\/page"}],"author":[{"embeddable":true,"href":"https:\/\/www.wahazel.com\/spanish\/wp-json\/wp\/v2\/users\/9"}],"replies":[{"embeddable":true,"href":"https:\/\/www.wahazel.com\/spanish\/wp-json\/wp\/v2\/comments?post=1251"}],"version-history":[{"count":11,"href":"https:\/\/www.wahazel.com\/spanish\/wp-json\/wp\/v2\/pages\/1251\/revisions"}],"predecessor-version":[{"id":1315,"href":"https:\/\/www.wahazel.com\/spanish\/wp-json\/wp\/v2\/pages\/1251\/revisions\/1315"}],"wp:featuredmedia":[{"embeddable":true,"href":"https:\/\/www.wahazel.com\/spanish\/wp-json\/wp\/v2\/media\/1408"}],"wp:attachment":[{"href":"https:\/\/www.wahazel.com\/spanish\/wp-json\/wp\/v2\/media?parent=1251"}],"curies":[{"name":"wp","href":"https:\/\/api.w.org\/{rel}","templated":true}]}}